{"id":220,"date":"2019-01-03T18:22:19","date_gmt":"2019-01-03T16:22:19","guid":{"rendered":"https:\/\/www.lintuharrastajat.fi\/?page_id=220"},"modified":"2022-12-28T18:30:02","modified_gmt":"2022-12-28T16:30:02","slug":"linkkivinkit","status":"publish","type":"page","link":"https:\/\/www.lintuharrastajat.fi\/?page_id=220","title":{"rendered":"Linkkivinkit"},"content":{"rendered":"\n<p><a rel=\"noreferrer noopener\" aria-label=\"Birdlife Suomi (avautuu uudessa v\u00e4lilehdess\u00e4)\" href=\"http:\/\/www.birdlife.fi\" target=\"_blank\">Birdlife Suomi<\/a><br><a rel=\"noreferrer noopener\" aria-label=\"Keski-Pohjanmaan lintutieteellinen yhdistys (avautuu uudessa v\u00e4lilehdess\u00e4)\" href=\"http:\/\/www.kply.fi\" target=\"_blank\">Keski-Pohjanmaan lintutieteellinen yhdistys<\/a><br><a rel=\"noreferrer noopener\" aria-label=\"Pohjois-Pohjanmaan lintutieteellinen yhdistys (avautuu uudessa v\u00e4lilehdess\u00e4)\" href=\"http:\/\/www.pply.fi\" target=\"_blank\">Pohjois-Pohjanmaan lintutieteellinen yhdistys<\/a><br><a rel=\"noreferrer noopener\" aria-label=\"Tiira (avautuu uudessa v\u00e4lilehdess\u00e4)\" href=\"https:\/\/tiira.fi\" target=\"_blank\">Tiira<\/a><br><a rel=\"noreferrer noopener\" aria-label=\"Laji.fi  (avautuu uudessa v\u00e4lilehdess\u00e4)\" href=\"https:\/\/laji.fi\/theme\/talvilintulaskenta\/stats\/censuses\" target=\"_blank\">Laji.fi <\/a> <\/p>\n\n\n\n<p><a rel=\"noreferrer noopener\" href=\"https:\/\/areena.yle.fi\/audio\/ohjelmat\/30-165\" target=\"_blank\">Luonto-ohjelmat radiossa<\/a><\/p>\n\n\n\n<p><a href=\"https:\/\/areena.yle.fi\/1-50506803?fbclid=IwAR3gM1rNo-AA17-_MPN8fTVXk-ErML2XwXnOlsotGz-YfCbEeSfGuCKi37c\" target=\"_blank\" rel=\"noreferrer noopener\">Kolopesij\u00e4t<\/a><\/p>\n\n\n\n<p><a rel=\"noreferrer noopener\" href=\"https:\/\/areena.yle.fi\/1-50141093\" target=\"_blank\">Kurjenpojan pitk\u00e4 matka<\/a><\/p>\n\n\n\n<p><a href=\"https:\/\/areena.yle.fi\/1-233689\" target=\"_blank\" rel=\"noreferrer noopener\">Kuukkeli, mets\u00e4n em\u00e4nt\u00e4<\/a><\/p>\n\n\n\n<p><a href=\"https:\/\/areena.yle.fi\/1-4003449\" target=\"_blank\" rel=\"noreferrer noopener\">Suoer\u00e4maa &#8211; mets\u00e4hanhien valtakunta<\/a><\/p>\n\n\n\n<p><a href=\"https:\/\/areena.yle.fi\/1-254565\" target=\"_blank\" rel=\"noreferrer noopener\">Ruokki &#8211; lent\u00e4v\u00e4 pingviini<\/a><\/p>\n\n\n\n<p><a href=\"https:\/\/areena.yle.fi\/1-2886191\" target=\"_blank\" rel=\"noreferrer noopener\">Arktika<\/a><\/p>\n\n\n\n<p><a href=\"https:\/\/areena.yle.fi\/1-3723808\" target=\"_blank\" rel=\"noreferrer noopener\">Meri joka katosi<\/a><\/p>\n\n\n\n<p><a href=\"https:\/\/areena.yle.fi\/1-1321213\" target=\"_blank\" rel=\"noreferrer noopener\">Otanm\u00e4en lintuparatiisi<\/a><\/p>\n\n\n\n<p><a href=\"https:\/\/areena.yle.fi\/1-1260809\" target=\"_blank\" rel=\"noreferrer noopener\">Metso<\/a><\/p>\n\n\n\n<p><\/p>\n\n\n\n<p><br><\/p>\n\n\n\n<p><\/p>\n\n\n\n<p><\/p>\n","protected":false},"excerpt":{"rendered":"<p>Birdlife SuomiKeski-Pohjanmaan lintutieteellinen yhdistysPohjois-Pohjanmaan lintutieteellinen yhdistysTiiraLaji.fi Luonto-ohjelmat radiossa Kolopesij\u00e4t Kurjenpojan pitk\u00e4 matka Kuukkeli, mets\u00e4n em\u00e4nt\u00e4 Suoer\u00e4maa &#8211; mets\u00e4hanhien valtakunta Ruokki &hellip; <\/p>\n","protected":false},"author":2,"featured_media":0,"parent":0,"menu_order":0,"comment_status":"closed","ping_status":"closed","template":"","meta":{"footnotes":""},"class_list":["post-220","page","type-page","status-publish","hentry"],"_links":{"self":[{"href":"https:\/\/www.lintuharrastajat.fi\/index.php?rest_route=\/wp\/v2\/pages\/220","targetHints":{"allow":["GET"]}}],"collection":[{"href":"https:\/\/www.lintuharrastajat.fi\/index.php?rest_route=\/wp\/v2\/pages"}],"about":[{"href":"https:\/\/www.lintuharrastajat.fi\/index.php?rest_route=\/wp\/v2\/types\/page"}],"author":[{"embeddable":true,"href":"https:\/\/www.lintuharrastajat.fi\/index.php?rest_route=\/wp\/v2\/users\/2"}],"replies":[{"embeddable":true,"href":"https:\/\/www.lintuharrastajat.fi\/index.php?rest_route=%2Fwp%2Fv2%2Fcomments&post=220"}],"version-history":[{"count":8,"href":"https:\/\/www.lintuharrastajat.fi\/index.php?rest_route=\/wp\/v2\/pages\/220\/revisions"}],"predecessor-version":[{"id":537,"href":"https:\/\/www.lintuharrastajat.fi\/index.php?rest_route=\/wp\/v2\/pages\/220\/revisions\/537"}],"wp:attachment":[{"href":"https:\/\/www.lintuharrastajat.fi\/index.php?rest_route=%2Fwp%2Fv2%2Fmedia&parent=220"}],"curies":[{"name":"wp","href":"https:\/\/api.w.org\/{rel}","templated":true}]}}